{"id":2,"date":"2014-04-15T11:01:27","date_gmt":"2014-04-15T11:01:27","guid":{"rendered":"http:\/\/www.eaingenieros.com\/web\/?page_id=2"},"modified":"2023-05-25T18:40:00","modified_gmt":"2023-05-25T23:40:00","slug":"about","status":"publish","type":"page","link":"http:\/\/www.eaingenieros.com\/web\/","title":{"rendered":"!Bienvenido"},"content":{"rendered":"<div class=\"entry-content\" style=\"color: #373737;\"><strong style=\"font-weight: bold; font-style: inherit;\">Al sitio Web de Estudios y Asesor\u00edas,\u00a0<\/strong>\u00a0Firma de consultor\u00eda e interventor\u00eda en el campo de la Ingenier\u00eda Civil, Ciencias Ambientales y Sistemas de Gesti\u00f3n de Calidad; presta sus servicios a una gran variedad de entidades p\u00fablicas y privadas colombianas, y sus trabajos se extienden a todo el territorio nacional y pa\u00edses de Am\u00e9rica Latina.<strong style=\"font-weight: bold; font-style: inherit;\">Contamos con m\u00e1s 40 a\u00f1os de experiencia en las siguientes \u00e1reas espec\u00edficas de trabajo:<\/strong><\/div>\n<div class=\"entry-content\" style=\"color: #373737;\">\n<ul style=\"font-weight: inherit; font-style: inherit;\">\n<li style=\"font-weight: inherit; font-style: inherit;\">Ingenier\u00eda Civil<\/li>\n<li style=\"font-weight: inherit; font-style: inherit;\">Ingenier\u00eda Ambiental<\/li>\n<li style=\"font-weight: inherit; font-style: inherit;\">Geolog\u00eda y Geomorfolog\u00eda.<\/li>\n<li style=\"font-weight: inherit; font-style: inherit;\">Ingenier\u00eda de Sistemas<\/li>\n<li style=\"font-weight: inherit; font-style: inherit;\">Recursos H\u00eddricos<\/li>\n<li style=\"font-weight: inherit; font-style: inherit;\">Hidr\u00e1ulica<\/li>\n<li style=\"font-weight: inherit; font-style: inherit;\">Dise\u00f1o<\/li>\n<\/ul>\n<p><img loading=\"lazy\" class=\"alignnone wp-image-34\" src=\"http:\/\/www.eaingenieros.com\/web\/wp-content\/uploads\/2014\/04\/home3.jpg\" alt=\"home3\" width=\"1002\" height=\"188\" \/><\/p>\n<p><img loading=\"lazy\" class=\"alignnone wp-image-35 size-large\" src=\"http:\/\/www.eaingenieros.com\/web\/wp-content\/uploads\/2014\/04\/el-alto-presa-y-compuertas-1024x206.jpg\" alt=\"el-alto-presa-y-compuertas\" width=\"584\" height=\"117\" srcset=\"http:\/\/www.eaingenieros.com\/web\/wp-content\/uploads\/2014\/04\/el-alto-presa-y-compuertas-1024x206.jpg 1024w, http:\/\/www.eaingenieros.com\/web\/wp-content\/uploads\/2014\/04\/el-alto-presa-y-compuertas-300x60.jpg 300w, http:\/\/www.eaingenieros.com\/web\/wp-content\/uploads\/2014\/04\/el-alto-presa-y-compuertas-500x100.jpg 500w\" sizes=\"(max-width: 584px) 100vw, 584px\" \/><\/p>\n<\/div>\n","protected":false},"excerpt":{"rendered":"<p>Al sitio Web de Estudios y Asesor\u00edas,\u00a0\u00a0Firma de consultor\u00eda e interventor\u00eda en el campo de la Ingenier\u00eda Civil, Ciencias Ambientales y Sistemas de Gesti\u00f3n de Calidad; presta sus servicios a una gran variedad de entidades p\u00fablicas y privadas colombianas, y &hellip; <a href=\"http:\/\/www.eaingenieros.com\/web\/\">Sigue leyendo <span class=\"meta-nav\">&rarr;<\/span><\/a><\/p>\n","protected":false},"author":1,"featured_media":0,"parent":0,"menu_order":0,"comment_status":"closed","ping_status":"closed","template":"","meta":[],"_links":{"self":[{"href":"http:\/\/www.eaingenieros.com\/web\/wp-json\/wp\/v2\/pages\/2"}],"collection":[{"href":"http:\/\/www.eaingenieros.com\/web\/wp-json\/wp\/v2\/pages"}],"about":[{"href":"http:\/\/www.eaingenieros.com\/web\/wp-json\/wp\/v2\/types\/page"}],"author":[{"embeddable":true,"href":"http:\/\/www.eaingenieros.com\/web\/wp-json\/wp\/v2\/users\/1"}],"replies":[{"embeddable":true,"href":"http:\/\/www.eaingenieros.com\/web\/wp-json\/wp\/v2\/comments?post=2"}],"version-history":[{"count":25,"href":"http:\/\/www.eaingenieros.com\/web\/wp-json\/wp\/v2\/pages\/2\/revisions"}],"predecessor-version":[{"id":273,"href":"http:\/\/www.eaingenieros.com\/web\/wp-json\/wp\/v2\/pages\/2\/revisions\/273"}],"wp:attachment":[{"href":"http:\/\/www.eaingenieros.com\/web\/wp-json\/wp\/v2\/media?parent=2"}],"curies":[{"name":"wp","href":"https:\/\/api.w.org\/{rel}","templated":true}]}}