{"id":163,"date":"2015-05-28T15:41:02","date_gmt":"2015-05-28T20:41:02","guid":{"rendered":"http:\/\/www.eaingenieros.com\/web\/?page_id=163"},"modified":"2015-05-28T17:18:20","modified_gmt":"2015-05-28T22:18:20","slug":"areas-especificas-de-trabajo","status":"publish","type":"page","link":"http:\/\/www.eaingenieros.com\/web\/servicios\/areas-especificas-de-trabajo\/","title":{"rendered":"\u00c1reas Espec\u00edficas de Trabajo"},"content":{"rendered":"<p><span style=\"color: #0000cc;\"><strong>\u2022<\/strong><\/span>\u00a0<strong><span style=\"color: #0000cc;\">Ingenier\u00eda Civil<\/span><\/strong><\/p>\n<ul>\n<li>Mec\u00e1nica de Suelos<\/li>\n<li>Ingenier\u00eda de V\u00edas<\/li>\n<li>Topograf\u00eda y Batimetr\u00eda<\/li>\n<li>Investigaci\u00f3n de Campo. Obras de Control de Erosi\u00f3n<\/li>\n<li>Esquemas de Aprovechamiento Hidroel\u00e9ctrico<\/li>\n<li>Acueducto y Alcantarillado<\/li>\n<\/ul>\n<p><a href=\"http:\/\/www.eaingenieros.com\/web\/wp-content\/uploads\/2015\/05\/bat.jpg\"><img loading=\"lazy\" class=\"alignnone  wp-image-182\" src=\"http:\/\/www.eaingenieros.com\/web\/wp-content\/uploads\/2015\/05\/bat-296x300.jpg\" alt=\"bat\" width=\"115\" height=\"117\" srcset=\"http:\/\/www.eaingenieros.com\/web\/wp-content\/uploads\/2015\/05\/bat-296x300.jpg 296w, http:\/\/www.eaingenieros.com\/web\/wp-content\/uploads\/2015\/05\/bat.jpg 500w\" sizes=\"(max-width: 115px) 100vw, 115px\" \/><\/a>\u00a0<a href=\"http:\/\/www.eaingenieros.com\/web\/wp-content\/uploads\/2015\/05\/interv.png\"><img loading=\"lazy\" class=\"alignnone  wp-image-153\" src=\"http:\/\/www.eaingenieros.com\/web\/wp-content\/uploads\/2015\/05\/interv-300x225.png\" alt=\"interv\" width=\"156\" height=\"119\" \/><\/a><\/p>\n<p><span style=\"color: #0000cc;\"><strong>\u2022<\/strong><\/span>\u00a0<strong><span style=\"color: #0000cc;\">Recursos Hidricos<\/span><\/strong><\/p>\n<ul>\n<li>Hidrolog\u00eda<\/li>\n<li>Manejo de Cuencas<\/li>\n<li>Riego y Drenaje<\/li>\n<li>Aprovechamientos hidr\u00e1ulicos<\/li>\n<li>Modelos de Simulaci\u00f3n<\/li>\n<\/ul>\n<p>&nbsp;<\/p>\n<p><span style=\"color: #0000cc;\"><strong>\u2022<\/strong><\/span>\u00a0<strong><span style=\"color: #0000cc;\">Hidr\u00e1ulica<\/span><\/strong><\/p>\n<ul>\n<li>Hidr\u00e1ulica General<\/li>\n<li>Sedimentaci\u00f3n<\/li>\n<li>Ingenier\u00eda de R\u00edos<\/li>\n<li>Ingenier\u00eda de Costas<\/li>\n<li>Puertos, Obras Fluviales y Costeras<\/li>\n<li>Presas y Estructuras Hidr\u00e1ulicas<\/li>\n<\/ul>\n<p>&nbsp;<\/p>\n<p><span style=\"color: #0000cc;\"><strong>\u2022<\/strong><\/span>\u00a0<strong><span style=\"color: #0000cc;\">Ingenier\u00eda Ambiental<\/span><\/strong><\/p>\n<ul>\n<li>Estudios de Impacto Ambiental<\/li>\n<li>Supervisi\u00f3n Ambiental<\/li>\n<li>Planes de manejo ambiental<\/li>\n<li>Educaci\u00f3n ambiental<\/li>\n<li>Estudio de Recursos Naturales<\/li>\n<li>Socializaci\u00f3n de Proyectos<\/li>\n<li>Gesti\u00f3n ante la Autoridad Ambiental Competente<\/li>\n<\/ul>\n<p><span style=\"color: #0000cc;\"><strong>\u2022<\/strong><\/span>\u00a0<strong><span style=\"color: #0000cc;\">Geolog\u00eda y Geomorfolog\u00eda<\/span><\/strong><\/p>\n<ul>\n<li>Geolog\u00eda y Geomorfolog\u00eda<\/li>\n<li>Morfolog\u00eda Fluvial<\/li>\n<li>Erosi\u00f3n y Sedimentaci\u00f3n<\/li>\n<li>Hidrogeolog\u00eda<\/li>\n<li>Ingenier\u00eda Geol\u00f3gica<\/li>\n<\/ul>\n<p><a href=\"http:\/\/www.eaingenieros.com\/web\/wp-content\/uploads\/2015\/05\/GEO1.png\"><img loading=\"lazy\" class=\"alignnone  wp-image-177\" src=\"http:\/\/www.eaingenieros.com\/web\/wp-content\/uploads\/2015\/05\/GEO1-300x269.png\" alt=\"GEO1\" width=\"188\" height=\"169\" \/><\/a>\u00a0<a href=\"http:\/\/www.eaingenieros.com\/web\/wp-content\/uploads\/2015\/05\/GEO2.png\"><img loading=\"lazy\" class=\"alignnone  wp-image-179\" src=\"http:\/\/www.eaingenieros.com\/web\/wp-content\/uploads\/2015\/05\/GEO2-277x300.png\" alt=\"GEO2\" width=\"158\" height=\"171\" srcset=\"http:\/\/www.eaingenieros.com\/web\/wp-content\/uploads\/2015\/05\/GEO2-277x300.png 277w, http:\/\/www.eaingenieros.com\/web\/wp-content\/uploads\/2015\/05\/GEO2.png 460w\" sizes=\"(max-width: 158px) 100vw, 158px\" \/><\/a><\/p>\n<p>&nbsp;<\/p>\n","protected":false},"excerpt":{"rendered":"<p>\u2022\u00a0Ingenier\u00eda Civil Mec\u00e1nica de Suelos Ingenier\u00eda de V\u00edas Topograf\u00eda y Batimetr\u00eda Investigaci\u00f3n de Campo. Obras de Control de Erosi\u00f3n Esquemas de Aprovechamiento Hidroel\u00e9ctrico Acueducto y Alcantarillado \u00a0 \u2022\u00a0Recursos Hidricos Hidrolog\u00eda Manejo de Cuencas Riego y Drenaje Aprovechamientos hidr\u00e1ulicos Modelos de &hellip; <a href=\"http:\/\/www.eaingenieros.com\/web\/servicios\/areas-especificas-de-trabajo\/\">Sigue leyendo <span class=\"meta-nav\">&rarr;<\/span><\/a><\/p>\n","protected":false},"author":2,"featured_media":0,"parent":16,"menu_order":0,"comment_status":"closed","ping_status":"closed","template":"","meta":[],"_links":{"self":[{"href":"http:\/\/www.eaingenieros.com\/web\/wp-json\/wp\/v2\/pages\/163"}],"collection":[{"href":"http:\/\/www.eaingenieros.com\/web\/wp-json\/wp\/v2\/pages"}],"about":[{"href":"http:\/\/www.eaingenieros.com\/web\/wp-json\/wp\/v2\/types\/page"}],"author":[{"embeddable":true,"href":"http:\/\/www.eaingenieros.com\/web\/wp-json\/wp\/v2\/users\/2"}],"replies":[{"embeddable":true,"href":"http:\/\/www.eaingenieros.com\/web\/wp-json\/wp\/v2\/comments?post=163"}],"version-history":[{"count":9,"href":"http:\/\/www.eaingenieros.com\/web\/wp-json\/wp\/v2\/pages\/163\/revisions"}],"predecessor-version":[{"id":183,"href":"http:\/\/www.eaingenieros.com\/web\/wp-json\/wp\/v2\/pages\/163\/revisions\/183"}],"up":[{"embeddable":true,"href":"http:\/\/www.eaingenieros.com\/web\/wp-json\/wp\/v2\/pages\/16"}],"wp:attachment":[{"href":"http:\/\/www.eaingenieros.com\/web\/wp-json\/wp\/v2\/media?parent=163"}],"curies":[{"name":"wp","href":"https:\/\/api.w.org\/{rel}","templated":true}]}}