{"id":16,"date":"2014-05-15T20:25:42","date_gmt":"2014-05-16T01:25:42","guid":{"rendered":"http:\/\/www.eaingenieros.com\/web\/?page_id=16"},"modified":"2015-05-28T16:07:21","modified_gmt":"2015-05-28T21:07:21","slug":"servicios","status":"publish","type":"page","link":"http:\/\/www.eaingenieros.com\/web\/servicios\/","title":{"rendered":"Servicios"},"content":{"rendered":"<header class=\"entry-header\" style=\"color: #373737;\">\n<h1 class=\"entry-title\"><\/h1>\n<\/header>\n<table border=\"0\" width=\"100%\" cellspacing=\"0\" cellpadding=\"0\">\n<tbody>\n<tr>\n<td width=\"48%\">\n<table border=\"1\" width=\"100%\" cellspacing=\"0\" cellpadding=\"0\">\n<tbody>\n<tr>\n<td align=\"left\" valign=\"top\"><a href=\"http:\/\/www.eaingenieros.com\/web\/servicios\/linea-de-servicios\/\"><span style=\"color: #008000;\"><strong>L\u00cdNEA DE SERVICIOS<\/strong><\/span><\/a><\/td>\n<\/tr>\n<tr>\n<td><a href=\"http:\/\/www.eaingenieros.com\/web\/servicios\/linea-de-servicios\/\"><span style=\"color: #0000cc;\"><strong>\u2022<\/strong><\/span>\u00a0<strong><span style=\"color: #0000cc;\">Estudios<\/span><\/strong><\/a><\/td>\n<\/tr>\n<tr>\n<td><a href=\"http:\/\/www.eaingenieros.com\/web\/servicios\/linea-de-servicios\/\"><span style=\"color: #0000cc;\"><strong>\u2022<\/strong><\/span><span style=\"color: #1982d1;\">\u00a0<\/span><strong><span style=\"color: #0000cc;\">Dise\u00f1o<\/span><\/strong><\/a><\/td>\n<\/tr>\n<tr>\n<td><a href=\"http:\/\/www.eaingenieros.com\/web\/servicios\/linea-de-servicios\/\"><span style=\"color: #0000cc;\"><strong>\u2022<\/strong><\/span>\u00a0<strong><span style=\"color: #0000cc;\">Asesor\u00edas<\/span><\/strong><\/a><\/td>\n<\/tr>\n<tr>\n<td><a href=\"http:\/\/www.eaingenieros.com\/web\/servicios\/linea-de-servicios\/\"><span style=\"color: #0000cc;\"><strong>\u2022<\/strong><\/span>\u00a0<strong><span style=\"color: #0000cc;\">Interventor\u00eda<\/span><\/strong><\/a><\/td>\n<\/tr>\n<tr>\n<td><a href=\"http:\/\/www.eaingenieros.com\/web\/servicios\/linea-de-servicios\/\"><span style=\"color: #0000cc;\"><strong>\u2022<\/strong><\/span>\u00a0<strong><strong><span style=\"color: #0000cc;\">Supervision Ambiental<\/span><\/strong><\/strong><\/a><\/td>\n<\/tr>\n<tr>\n<td><a href=\"http:\/\/www.eaingenieros.com\/web\/servicios\/linea-de-servicios\/\"><span style=\"color: #0000cc;\"><strong>\u2022<\/strong><\/span>\u00a0<strong><span style=\"color: #0000cc;\">Sistemas de Gesti\u00f3n<\/span><\/strong><\/a><\/td>\n<\/tr>\n<tr>\n<td><a href=\"http:\/\/www.eaingenieros.com\/web\/servicios\/linea-de-servicios\/\"><span style=\"color: #0000cc;\"><strong>\u2022<\/strong><\/span>\u00a0<strong><span style=\"color: #0000cc;\">Ense\u00f1anza y Capacitaci\u00f3n<\/span><\/strong><\/a><\/td>\n<\/tr>\n<tr>\n<td><a href=\"http:\/\/www.eaingenieros.com\/web\/servicios\/linea-de-servicios\/\"><span style=\"color: #0000cc;\"><strong>\u2022<\/strong><\/span>\u00a0<strong><span style=\"color: #0000cc;\">Apoyo en Conflictos Jur\u00eddicos<\/span><\/strong><\/a><\/td>\n<\/tr>\n<\/tbody>\n<\/table>\n<\/td>\n<td align=\"left\" valign=\"top\" width=\"47%\">\n<table border=\"1\" width=\"100%\" cellspacing=\"0\" cellpadding=\"0\">\n<tbody>\n<tr>\n<td align=\"left\" valign=\"top\"><a href=\"http:\/\/www.eaingenieros.com\/web\/servicios\/areas-especificas-de-trabajo\/\"><span style=\"color: #008000;\"><strong>\u00c1REAS ESPEC\u00cdFICAS DE TRABAJO<\/strong><\/span><\/a><\/td>\n<\/tr>\n<tr>\n<td><a href=\"http:\/\/www.eaingenieros.com\/web\/servicios\/areas-especificas-de-trabajo\/\"><span style=\"color: #0000cc;\"><strong>\u2022<\/strong><\/span>\u00a0<strong><span style=\"color: #0000cc;\">Geolog\u00eda y Geomorfolog\u00eda<\/span><\/strong><\/a><\/td>\n<\/tr>\n<tr>\n<td><a href=\"http:\/\/www.eaingenieros.com\/web\/servicios\/areas-especificas-de-trabajo\/\"><span style=\"color: #0000cc;\"><strong>\u2022<\/strong><\/span>\u00a0<strong><span style=\"color: #0000cc;\">Ingenier\u00eda Civil<\/span><\/strong><\/a><\/td>\n<\/tr>\n<tr>\n<td><a href=\"http:\/\/www.eaingenieros.com\/web\/servicios\/areas-especificas-de-trabajo\/\"><span style=\"color: #0000cc;\"><strong>\u2022<\/strong><\/span>\u00a0<strong><span style=\"color: #0000cc;\">Ingenier\u00eda Ambiental<\/span><\/strong><\/a><\/td>\n<\/tr>\n<tr>\n<td><a href=\"http:\/\/www.eaingenieros.com\/web\/servicios\/areas-especificas-de-trabajo\/\"><span style=\"color: #0000cc;\"><strong>\u2022<\/strong><\/span>\u00a0<strong><span style=\"color: #0000cc;\">Recursos H\u00eddricos<\/span><\/strong><\/a><\/td>\n<\/tr>\n<tr>\n<td><a href=\"http:\/\/www.eaingenieros.com\/web\/servicios\/areas-especificas-de-trabajo\/\"><span style=\"color: #0000cc;\"><strong>\u2022<\/strong><\/span>\u00a0<strong><span style=\"color: #0000cc;\">Hidr\u00e1ulica<\/span><\/strong><\/a><\/td>\n<\/tr>\n<tr>\n<td><a href=\"http:\/\/www.eaingenieros.com\/web\/servicios\/areas-especificas-de-trabajo\/\"><span style=\"color: #0000cc;\"><strong>\u2022<\/strong><\/span>\u00a0<strong><span style=\"color: #0000cc;\">Dise\u00f1o<\/span><\/strong><\/a><\/td>\n<\/tr>\n<\/tbody>\n<\/table>\n<\/td>\n<\/tr>\n<\/tbody>\n<\/table>\n","protected":false},"excerpt":{"rendered":"<p>L\u00cdNEA DE SERVICIOS \u2022\u00a0Estudios \u2022\u00a0Dise\u00f1o \u2022\u00a0Asesor\u00edas \u2022\u00a0Interventor\u00eda \u2022\u00a0Supervision Ambiental \u2022\u00a0Sistemas de Gesti\u00f3n \u2022\u00a0Ense\u00f1anza y Capacitaci\u00f3n \u2022\u00a0Apoyo en Conflictos Jur\u00eddicos \u00c1REAS ESPEC\u00cdFICAS DE TRABAJO \u2022\u00a0Geolog\u00eda y Geomorfolog\u00eda \u2022\u00a0Ingenier\u00eda Civil \u2022\u00a0Ingenier\u00eda Ambiental \u2022\u00a0Recursos H\u00eddricos \u2022\u00a0Hidr\u00e1ulica \u2022\u00a0Dise\u00f1o<\/p>\n","protected":false},"author":1,"featured_media":0,"parent":0,"menu_order":2,"comment_status":"closed","ping_status":"closed","template":"","meta":[],"_links":{"self":[{"href":"http:\/\/www.eaingenieros.com\/web\/wp-json\/wp\/v2\/pages\/16"}],"collection":[{"href":"http:\/\/www.eaingenieros.com\/web\/wp-json\/wp\/v2\/pages"}],"about":[{"href":"http:\/\/www.eaingenieros.com\/web\/wp-json\/wp\/v2\/types\/page"}],"author":[{"embeddable":true,"href":"http:\/\/www.eaingenieros.com\/web\/wp-json\/wp\/v2\/users\/1"}],"replies":[{"embeddable":true,"href":"http:\/\/www.eaingenieros.com\/web\/wp-json\/wp\/v2\/comments?post=16"}],"version-history":[{"count":15,"href":"http:\/\/www.eaingenieros.com\/web\/wp-json\/wp\/v2\/pages\/16\/revisions"}],"predecessor-version":[{"id":174,"href":"http:\/\/www.eaingenieros.com\/web\/wp-json\/wp\/v2\/pages\/16\/revisions\/174"}],"wp:attachment":[{"href":"http:\/\/www.eaingenieros.com\/web\/wp-json\/wp\/v2\/media?parent=16"}],"curies":[{"name":"wp","href":"https:\/\/api.w.org\/{rel}","templated":true}]}}