{"id":14,"date":"2014-05-15T20:25:26","date_gmt":"2014-05-15T20:25:26","guid":{"rendered":"http:\/\/www.eaingenieros.com\/web\/?page_id=14"},"modified":"2016-04-08T12:03:44","modified_gmt":"2016-04-08T17:03:44","slug":"nuestra-firma","status":"publish","type":"page","link":"http:\/\/www.eaingenieros.com\/web\/nuestra-firma\/","title":{"rendered":"Nuestra Firma"},"content":{"rendered":"<p style=\"font-weight: inherit;\">La firma cuenta con un importante grupo de personal\u00a0de planta y asesores, para la realizaci\u00f3n de estudios e investigaciones aplicadas.<\/p>\n<p style=\"font-weight: inherit;\">Nuestra Firma fue constituida como Sociedad Limitada en Agosto de 1976, y aparece en elregistro p\u00fablico, (Notar\u00eda 13), de la ciudad de Bogot\u00e1, bajo el n\u00famero 1886. Tambi\u00e9n se encuentra registrada en la C\u00e1mara de Comercio bajo el n\u00famero 79848. Tiene su oficina principal en Bogot\u00e1 y contamos con una estructura flexible que le permite desplazarse a cualquier regi\u00f3n de Colombia.<br \/>\nHemos sido galardonados con el premio Lorenzo Codazzi de la Sociedad Colombiana de Ingenieros en 1983, por nuestros trabajos sobre erosi\u00f3n y producci\u00f3n de sedimentos en la cuenca del r\u00edo Magdalena.<\/p>\n<p style=\"color: #000000;\"><span style=\"color: #336699;\"><strong>POL\u00cdTICA\u00a0QHSE :<\/strong><\/span><\/p>\n<p style=\"color: #000000;\">Estudios y Asesor\u00edas Ingenieros Consultores Ltda., presta servicios de Ingenier\u00eda de consulta, que incluyen estudios y dise\u00f1os, supervisi\u00f3n y asesor\u00edas para construcci\u00f3n de obras y elaboraci\u00f3n de proyectos de Ingenier\u00eda, cumpliendo con:<\/p>\n<p>I. Las expectativas y las especificaciones requeridas en cada uno de los trabajos<br \/>\nII. Altos estandares en el manejo de la salud y seguridad de los trabajadores.<br \/>\nIII. Los requisitos legales, reglamentarios, contractuales y normativos.<br \/>\nIV. El suministro de personal competente y los recursos adecuados.<\/p>\n<p>Con el fin de:<\/p>\n<p style=\"color: #000000;\">1. Satisfacer las necesidades manifiestas de sus clientes<br \/>\n2. Prevenir enfermedades, accidentes de trabajo , da\u00f1os al medio ambiente y da\u00f1os en la propiedad privada<br \/>\n3. Mejorar la calidad de vida de los trabajadores de la compa\u00f1\u00eda<br \/>\n4. Mejorar continuamente sus procesos y la calidad de sus servicios<\/p>\n<table border=\"1\" cellspacing=\"1\" cellpadding=\"1\" align=\"center\">\n<caption><span style=\"color: #336699;\"><strong>GESTI\u00d3N AMBIENTAL<\/strong><\/span><\/caption>\n<tbody>\n<tr>\n<td><strong><span style=\"color: #336699;\">PROCESO DE LA COMPA\u00d1\u00cdA<\/span><\/strong><\/td>\n<td><strong><span style=\"color: #336699;\">ACTIVIDADES<\/span><\/strong><\/td>\n<td><strong><span style=\"color: #336699;\">ASPECTOS AMBIENTALES<\/span><\/strong><\/td>\n<td><strong><span style=\"color: #336699;\">IMPACTO AMBIENTAL<\/span><\/strong><\/td>\n<td><strong><span style=\"color: #336699;\">MEDIDAS DE ACCI\u00d3N<\/span><\/strong><\/td>\n<\/tr>\n<tr>\n<td><\/td>\n<td>ACTIVIDADES ADMINISTRATIVAS Y OPERATIVAS EN OFICINAS DE LA EMPRESA<\/td>\n<td>Generaci\u00f3n de Residuos s\u00f3lidosGeneraci\u00f3n de Residuos s\u00f3lidos peligrosos<\/td>\n<td>Contaminaci\u00f3n del suelo por producci\u00f3n de desechos<\/td>\n<td>Programa de orden, aseo y reciclaje.<\/td>\n<\/tr>\n<tr>\n<td><\/td>\n<td>IMPRESI\u00d3N DE PRODUCTOS, COMUNICACI\u00d3N DE FUNCIONARIOS DE LA EMPRESA; MANTENIMIENTO DE EQUIPOS<\/td>\n<td>Mantenimiento de los equipos de la compa\u00f1\u00eda que requieren bater\u00edas\/ tonners<\/td>\n<td>Contaminaci\u00f3n del suelo por residuos peligrosos<\/td>\n<td>Programa de orden, aseo y reciclaje.<\/td>\n<\/tr>\n<tr>\n<td>MACRO &#8211; PROCESOS DEL SISTEMA DE GESTI\u00d3N INTEGRAL DE ESTUDIOS Y ASESOR\u00cdAS INGENIEROS CONSULTORES LTDA.<\/td>\n<td>USO DE EQUIPOS Y HERRAMIENTAS CON ALIMENTACI\u00d3N DE ENERG\u00cdA EL\u00c9CTRICA<\/td>\n<td>Operaciones de los equipos de la compa\u00f1\u00eda que requieren energ\u00eda el\u00e9ctrica<\/td>\n<td>Carga generada por agotamiento de los recursos naturales,\u00a0 dados los niveles de consumo de energ\u00eda<\/td>\n<td>Minimizaci\u00f3n del consumo de energ\u00eda<br \/>\nProgramas de mantenimiento preventivo<br \/>\nLimpieza peri\u00f3dica de luminarias y l\u00e1mparas.<\/td>\n<\/tr>\n<tr>\n<td><\/td>\n<td>SERVICIO DE ASEO<\/td>\n<td>Aguas residuales dom\u00e9sticasGeneraci\u00f3n de Residuos ordinarios dom\u00e9sticosGeneraci\u00f3n de Residuos s\u00f3lidos peligrosos<\/td>\n<td>Contaminaci\u00f3n del agua y suelo por el vertimiento de aguas grisesContaminaci\u00f3n del suelo<\/td>\n<td>Campa\u00f1as de educaci\u00f3n ambiental y\u00a0 del uso racional del agua.Programa de orden, aseo y reciclaje.<\/td>\n<\/tr>\n<tr>\n<td><\/td>\n<td>SELECCI\u00d3N Y CONSERVACI\u00d3N\u00a0 DE ALIMENTOS Y LAVADO DE UTENSILIOS.<\/td>\n<td>Operaciones de la cafeter\u00eda<\/td>\n<td>Contaminaci\u00f3n del agua por vertimiento de aguas grises.<\/td>\n<td>Campa\u00f1as de educaci\u00f3n ambiental y\u00a0 del uso racional del agua.<\/td>\n<\/tr>\n<\/tbody>\n<\/table>\n<p style=\"font-weight: inherit;\"><span style=\"color: #e85f33;\"><strong>SOCIOS<\/strong><\/span><\/p>\n<p style=\"font-weight: inherit;\"><strong>Jaime Iv\u00e1n Ord\u00f3\u00f1ez Ord\u00f3\u00f1ez<\/strong><\/p>\n<p style=\"font-weight: inherit;\">Ingeniero Civil de la Universidad Nacional de Colombia, Master en Ingenier\u00eda Civil,<br \/>\nM.Sc., de la Universidad de California en Berkeley, (USA), en la especialidad de Recursos Hidr\u00e1ulicos y Doctor en Ingenier\u00eda, (Dr. Eng.), de la misma Universidad en la especialidad de Hidr\u00e1ulica del Transporte de Sedimentos. Es socio fundador de Estudios y Asesor\u00edas Ltda. y actualmente es Gerente T\u00e9cnico y Representante de Calidad de la firma, siendo igualmente especialista en Control de calidad, medio ambiente, seguridad industrial y salud ocupacional, QHSE.<br \/>\nPor m\u00e1s de 35 a\u00f1os ha realizado una variedad de trabajos en Ingenier\u00eda Civil, especialmente en las \u00e1reas de Hidr\u00e1ulica Fluvial y de Costas, Sedimentolog\u00eda y Manejo de Cuencas Hidrogr\u00e1ficas, siendo reconocido en Colombia y el exterior por su calidad t\u00e9cnica y su aporte al desarrollo de la hidr\u00e1ulica.<\/p>\n<p style=\"font-weight: inherit;\">Profesor de Postgrado de Ingenier\u00eda Civil de las Universidades de los Andes y Nacional en Bogot\u00e1, en los cursos de Hidr\u00e1ulica Fluvial e Ingenier\u00eda de Costas. Profesor invitado de las Universidades del Norte, Barranquilla y San Crist\u00f3bal de Huamanga en Ayacucho-Per\u00fa. Ha dirigido mas de 50 tesis de grado y publicado mas de 80 art\u00edculos t\u00e9cnicos a nivel internacional.<\/p>\n<p style=\"font-weight: inherit;\">Ha sido perito t\u00e9cnico del Honorable Consejo de Estado; expresidente de la Comisi\u00f3n de Hidr\u00e1ulica de la SCI; Expresidente del Comit\u00e9 Latinoamericano de Investigaciones Hidr\u00e1ulicas IAHR y Consultor internacional en varios pa\u00edses. Ha sido Investigador Principal en proyectos de gran importancia para el desarrollo del pa\u00eds, entre los que se destacan proyectos de gran miner\u00eda como el Cerrej\u00f3n zona Norte y el proyecto aur\u00edfero por dragado en el r\u00edo Nech\u00ed; adem\u00e1s es uno de los expertos nacionales m\u00e1s reconocidos sobre el r\u00edo Magdalena, habiendo participado en numerosos estudios hidrol\u00f3gicos, sedimentol\u00f3gicos y de navegaci\u00f3n, y en el desarrollo de Planes de Manejo para la Cuenca del R\u00edo y de la zona del Canal del Dique.<\/p>\n<p style=\"font-weight: inherit;\">El ingeniero Ord\u00f3\u00f1ez ha participado como especialista en sedimentolog\u00eda, hidr\u00e1ulica, hidrolog\u00eda e impacto ambiental en diversidad de proyectos hidroel\u00e9ctricos como El Neme, Palmalarga, Farallones, Arrieros de Micay, Betania, Miel I, Ca\u00f1afisto, Bajo Anchicay\u00e1, y en el an\u00e1lisis de hidr\u00e1ulica y sedimentolog\u00eda de los embalses de Los Tunjos, Chizac\u00e1, La Regadera, Chuza y San Rafael para la Empresa de Acueducto de Bogot\u00e1, Cerr\u00f3n Grande en el Salvador, Boruca en Costa Rica y Pangue en el r\u00edo Bio Bio en Chile.<\/p>\n<p style=\"font-weight: inherit;\">En el \u00e1rea de costas y navegaci\u00f3n, ha participado como Director y Especialista en la soluci\u00f3n de problemas de navegabilidad en el puerto de Barranquilla, el Canal del Dique, y Puerto Bol\u00edvar, as\u00ed como en los estudios del comportamiento h\u00eddrico de la ci\u00e9naga Grande de Santa Marta y su complejo cenagoso, la Ci\u00e9naga de El Totumo entre los departamentos de Atl\u00e1ntico y Bol\u00edvar, y el sistema cenagoso del Canal del Dique.<\/p>\n<p style=\"font-weight: inherit;\">El ingeniero Ord\u00f3\u00f1ez ha sido asesor en varios pa\u00edses como los Estados Unidos, El Salvador, Costa Rica, Guatemala, Ecuador, Bolivia, Espa\u00f1a y Chile, en la soluci\u00f3n de problemas que involucran evaluaci\u00f3n de riesgos y planeamiento de recursos h\u00eddricos. Ha sido miembro del primer comit\u00e9 nacional de emergencia de Colombia, durante la explosi\u00f3n del Volc\u00e1n Nevado del Ruiz en 1985, asesor de riesgo por avalanchas de lodo de la Sociedad Colombiana de Ingenieros en la emergencia de el Zuque en Bogot\u00e1, 1996, y en el tratamiento de las emergencias del acueducto de Chingaza en 1997; tambi\u00e9n ha participado en an\u00e1lisis de riesgo lah\u00e1rico en Ecuador y Chile y de control de inundaciones torrenciales en Colombia y Bolivia.<\/p>\n<p style=\"font-weight: inherit;\">En el \u00e1rea de estudios de Impacto Ambiental, el Doctor Ord\u00f3\u00f1ez ha participado como Director y especialista en importantes proyectos de miner\u00eda como en la explotaci\u00f3n de carb\u00f3n en la Guajira, explotaci\u00f3n de oro aluvial, explotaci\u00f3n de materiales de arrastre y explotaci\u00f3n de carb\u00f3n de la Jagua. De la misma manera, en la formulaci\u00f3n de planes de manejo ambiental, ha participado en proyectos para el control de derrames de petr\u00f3leo y como dise\u00f1ador de estructuras para \u00e9ste fin, as\u00ed como en estudios para la explotaci\u00f3n de materiales de construcci\u00f3n en asentamientos petroleros de Arauca y Casanare<\/p>\n<p style=\"font-weight: inherit;\"><strong>Raquel Duque Rico<br \/>\n<\/strong><br \/>\nIngeniera Civil de la Universidad Santo Tom\u00e1s de Bogot\u00e1, M.Sc. en Aprovechamiento de Recursos Hidr\u00e1ulicos de La Universidad Nacional; M.Sc. en Ingenier\u00eda Civil con especialidad en Ingenier\u00eda Ambiental y Sanitaria en la Universidad de los Andes. Es socio de Estudios y Asesorias ltda desde 1990. Distinguida con la Orden al M\u00e9rito Julio Garavito en grado de Cruz de Caballero, por el Gobierno Nacional, 2006.<br \/>\nProfesional especializado con gran experiencia, que ha participado en numerosos trabajos de consultor\u00eda y en la elaboraci\u00f3n de Estudios de Impacto Ambiental y Supervisi\u00f3n Ambiental de Proyectos de Miner\u00eda y de Dragado; ha trabajado por m\u00e1s de 15 a\u00f1os en su profesi\u00f3n y publicado m\u00e1s de 15 art\u00edculos t\u00e9cnicos a nivel nacional e internacional. Ha sido profesora de Ingenier\u00eda Ambiental en la Universidad Santo Tom\u00e1s, miembro del Comit\u00e9 Latinoamericano de Investigaciones Hidr\u00e1ulicas \u2013 IAHR, y miembro de la Junta Directiva de la Sociedad Colombiana de Ingenieros.<\/p>\n<p style=\"font-weight: inherit;\">Se ha desempe\u00f1ado como amigable componedora del Centro de Conciliaci\u00f3n, Arbitraje y Amigable Composici\u00f3n de la Sociedad Colombiana de Ingenieros.<\/p>\n<p style=\"font-weight: inherit;\">Desde su ingreso a la compa\u00f1\u00eda, la ingeniera Duque ha encaminado su perfil de desempe\u00f1o hacia el estudio de los recursos naturales, as\u00ed como en proyectos que involucran impacto y modificaci\u00f3n del medio ambiente. En los primeros ha participado como Coordinadora y\/o Directora del desarrollo ambiental de proyectos como la explotaci\u00f3n de oro aluvial en el r\u00edo Salda\u00f1a, estudios de impacto ambiental en diversidad de cruces subfluviales para conducci\u00f3n de combustibles, presas para generaci\u00f3n hidroel\u00e9ctrica, explotaci\u00f3n de aguas subterr\u00e1neas, explotaci\u00f3n de materiales para construcci\u00f3n, etc. En los segundos ha tomado parte como Especialista en el \u00e1rea ambiental, en estudios para el dise\u00f1o de v\u00edas, adecuaci\u00f3n de infraestructura vial, adecuaci\u00f3n y control de corrientes superficiales, etc.<\/p>\n","protected":false},"excerpt":{"rendered":"<p>La firma cuenta con un importante grupo de personal\u00a0de planta y asesores, para la realizaci\u00f3n de estudios e investigaciones aplicadas. Nuestra Firma fue constituida como Sociedad Limitada en Agosto de 1976, y aparece en elregistro p\u00fablico, (Notar\u00eda 13), de la &hellip; <a href=\"http:\/\/www.eaingenieros.com\/web\/nuestra-firma\/\">Sigue leyendo <span class=\"meta-nav\">&rarr;<\/span><\/a><\/p>\n","protected":false},"author":1,"featured_media":0,"parent":0,"menu_order":1,"comment_status":"closed","ping_status":"closed","template":"","meta":[],"_links":{"self":[{"href":"http:\/\/www.eaingenieros.com\/web\/wp-json\/wp\/v2\/pages\/14"}],"collection":[{"href":"http:\/\/www.eaingenieros.com\/web\/wp-json\/wp\/v2\/pages"}],"about":[{"href":"http:\/\/www.eaingenieros.com\/web\/wp-json\/wp\/v2\/types\/page"}],"author":[{"embeddable":true,"href":"http:\/\/www.eaingenieros.com\/web\/wp-json\/wp\/v2\/users\/1"}],"replies":[{"embeddable":true,"href":"http:\/\/www.eaingenieros.com\/web\/wp-json\/wp\/v2\/comments?post=14"}],"version-history":[{"count":8,"href":"http:\/\/www.eaingenieros.com\/web\/wp-json\/wp\/v2\/pages\/14\/revisions"}],"predecessor-version":[{"id":187,"href":"http:\/\/www.eaingenieros.com\/web\/wp-json\/wp\/v2\/pages\/14\/revisions\/187"}],"wp:attachment":[{"href":"http:\/\/www.eaingenieros.com\/web\/wp-json\/wp\/v2\/media?parent=14"}],"curies":[{"name":"wp","href":"https:\/\/api.w.org\/{rel}","templated":true}]}}