{"id":130,"date":"2015-05-28T10:44:24","date_gmt":"2015-05-28T15:44:24","guid":{"rendered":"http:\/\/www.eaingenieros.com\/web\/?page_id=130"},"modified":"2015-05-28T15:41:42","modified_gmt":"2015-05-28T20:41:42","slug":"linea-de-servicios","status":"publish","type":"page","link":"http:\/\/www.eaingenieros.com\/web\/servicios\/linea-de-servicios\/","title":{"rendered":"L\u00ednea de Servicios"},"content":{"rendered":"<p><span style=\"color: #0000cc;\"><strong>\u2022<\/strong><\/span>\u00a0<a style=\"color: #1982d1;\" title=\"Estudios\" href=\"http:\/\/eaingenieros.com\/web\/?page_id=24\"><strong><span style=\"color: #0000cc;\">Estudios<\/span><\/strong><\/a><\/p>\n<ul>\n<li>Hidrolog\u00eda y Evaluaci\u00f3n de Recursos H\u00eddricos.<\/li>\n<li>Hidrolog\u00eda Estoc\u00e1stica y Modelaci\u00f3n Hidrol\u00f3gica.<\/li>\n<li>Climatolog\u00eda<\/li>\n<li>Hidr\u00e1ulica General.<\/li>\n<li>Hidr\u00e1ulica Fluvial.<\/li>\n<li>Geolog\u00eda y Geohidrolog\u00eda.<\/li>\n<li>Sedimentaci\u00f3n y Geomorfolog\u00eda.<\/li>\n<li>Mec\u00e1nica de Suelos y Rocas<\/li>\n<li>Simulaci\u00f3n y Optimizaci\u00f3n de Sistemas<\/li>\n<li>Evaluaci\u00f3n Social y Econ\u00f3mica de Proyectos.<\/li>\n<li>Riego y Drenaje.<\/li>\n<li>Ingenier\u00eda de Costas y Puertos.<\/li>\n<li>Ingenier\u00eda Ambiental.<\/li>\n<li>Desarrollo y Protecci\u00f3n de Cuencas.<\/li>\n<li>Modelaci\u00f3n F\u00edsica y Matem\u00e1tica.<\/li>\n<li>Evaluaci\u00f3n de Riesgo.<\/li>\n<\/ul>\n<p><a href=\"http:\/\/www.eaingenieros.com\/web\/wp-content\/uploads\/2015\/05\/EAESTUDIOS.jpg\"><img loading=\"lazy\" class=\"  wp-image-144 aligncenter\" src=\"http:\/\/www.eaingenieros.com\/web\/wp-content\/uploads\/2015\/05\/EAESTUDIOS-300x64.jpg\" alt=\"EAESTUDIOS\" width=\"571\" height=\"139\" \/><\/a><\/p>\n<hr \/>\n<p><span style=\"color: #0000cc;\"><strong>\u2022<\/strong><\/span><a style=\"color: #1982d1;\" title=\"Dise\u00f1o\" href=\"http:\/\/eaingenieros.com\/web\/?page_id=27\">\u00a0<strong><span style=\"color: #0000cc;\">Dise\u00f1o<\/span><\/strong><\/a><\/p>\n<ul>\n<li>Obras de Control.<\/li>\n<li>Sistemas de Riego y Drenaje.<\/li>\n<li>Puertos, Obras Fluviales y Costeras.<\/li>\n<li>Presas y Estructuras Hidr\u00e1ulicas.<\/li>\n<li>Acueducto y Alcantarillado.<\/li>\n<li>Trazado de V\u00edas, Pavimentaci\u00f3n.<\/li>\n<li>Cimentaciones.<\/li>\n<li>Planes de Manejo Ambiental.<\/li>\n<li>Planes de Contingencia.<\/li>\n<\/ul>\n<p><a href=\"http:\/\/www.eaingenieros.com\/web\/wp-content\/uploads\/2015\/05\/ptap03.jpg\"><img loading=\"lazy\" class=\"  wp-image-138 aligncenter\" src=\"http:\/\/www.eaingenieros.com\/web\/wp-content\/uploads\/2015\/05\/ptap03-300x149.jpg\" alt=\"ptap03\" width=\"357\" height=\"184\" \/><\/a><\/p>\n<hr \/>\n<p><span style=\"color: #0000cc;\"><strong>\u2022<\/strong><\/span>\u00a0<a style=\"color: #1982d1;\" title=\"Asesor\u00edas\" href=\"http:\/\/eaingenieros.com\/web\/?page_id=29\"><strong><span style=\"color: #0000cc;\">Asesor\u00edas<\/span><\/strong><\/a><\/p>\n<ul>\n<li>Hidrolog\u00eda y Evaluaci\u00f3n de Recursos H\u00eddricos.<\/li>\n<li>Hidrolog\u00eda Estoc\u00e1stica y Modelaci\u00f3n Hidrol\u00f3gica.<\/li>\n<li>Climatolog\u00eda<\/li>\n<li>Hidr\u00e1ulica General.<\/li>\n<li>Hidr\u00e1ulica Fluvial.<\/li>\n<li>Geolog\u00eda y Geohidrolog\u00eda.<\/li>\n<li>Sedimentaci\u00f3n y Geomorfolog\u00eda.<\/li>\n<li>Mec\u00e1nica de Suelos y Rocas<\/li>\n<li>Simulaci\u00f3n y Optimizaci\u00f3n de Sistemas<\/li>\n<li>Evaluaci\u00f3n Social y Econ\u00f3mica de Proyectos.<\/li>\n<li>Riego y Drenaje.<\/li>\n<li>Ingenier\u00eda de Costas y Puertos.<\/li>\n<li>Ingenier\u00eda Ambiental.<\/li>\n<li>Desarrollo y Protecci\u00f3n de Cuencas.<\/li>\n<li>Modelaci\u00f3n F\u00edsica y Matem\u00e1tica.<\/li>\n<li>Evaluaci\u00f3n de Riesgo.<\/li>\n<\/ul>\n<p><a href=\"http:\/\/www.eaingenieros.com\/web\/wp-content\/uploads\/2015\/05\/mun.png\"><img loading=\"lazy\" class=\"alignnone  wp-image-161\" src=\"http:\/\/www.eaingenieros.com\/web\/wp-content\/uploads\/2015\/05\/mun-300x244.png\" alt=\"mun\" width=\"181\" height=\"149\" \/>\u00a0\u00a0<\/a><a href=\"http:\/\/www.eaingenieros.com\/web\/wp-content\/uploads\/2015\/05\/MODEL.png\"><img loading=\"lazy\" class=\"alignnone  wp-image-149\" src=\"http:\/\/www.eaingenieros.com\/web\/wp-content\/uploads\/2015\/05\/MODEL-300x120.png\" alt=\"MODEL\" width=\"364\" height=\"152\" \/><\/a><\/p>\n<hr \/>\n<p><strong><span style=\"color: #0000cc;\">\u2022<\/span>\u00a0<a style=\"color: #1982d1;\" title=\"Asesor\u00edas\" href=\"http:\/\/eaingenieros.com\/web\/?page_id=29\"><strong><span style=\"color: #0000cc;\">Interventor\u00eda<\/span><\/strong><\/a><\/strong><\/p>\n<ul>\n<li>Obras Civiles.<\/li>\n<li>Interventor\u00eda y Supervis\u00f3n ambiental de proyectos.<\/li>\n<li>Estructuras Hidr\u00e1ulicas.<\/li>\n<li>Obras Fluviales y Costeras.<\/li>\n<li>\u00a0Acueductos y Alcantarillados.<\/li>\n<\/ul>\n<p style=\"text-align: center;\"><a href=\"http:\/\/www.eaingenieros.com\/web\/wp-content\/uploads\/2015\/05\/drag.jpg\"><img loading=\"lazy\" class=\"alignnone  wp-image-152\" src=\"http:\/\/www.eaingenieros.com\/web\/wp-content\/uploads\/2015\/05\/drag-300x169.jpg\" alt=\"drag\" width=\"295\" height=\"172\" \/><\/a>\u00a0\u00a0\u00a0<a href=\"http:\/\/www.eaingenieros.com\/web\/wp-content\/uploads\/2015\/05\/interv.png\"><img loading=\"lazy\" class=\"alignnone  wp-image-153\" src=\"http:\/\/www.eaingenieros.com\/web\/wp-content\/uploads\/2015\/05\/interv-300x225.png\" alt=\"interv\" width=\"222\" height=\"170\" \/><\/a><\/p>\n<hr \/>\n<p><span style=\"color: #0000cc;\"><strong>\u2022<\/strong><\/span>\u00a0<strong><strong><span style=\"color: #0000cc;\">Supervisi\u00f3n Ambiental<\/span><\/strong><\/strong><\/p>\n<ul>\n<li>Estudios de Impacto Ambiental.<\/li>\n<li>Supervisi\u00f3n Ambiental.<\/li>\n<li>Planes de manejo ambiental.<\/li>\n<li>Educaci\u00f3n ambiental.<\/li>\n<li>Estudio de Recursos Naturales.<\/li>\n<\/ul>\n<p><a href=\"http:\/\/www.eaingenieros.com\/web\/wp-content\/uploads\/2015\/05\/casc.jpg\"><img loading=\"lazy\" class=\"alignnone  wp-image-158\" src=\"http:\/\/www.eaingenieros.com\/web\/wp-content\/uploads\/2015\/05\/casc-228x300.jpg\" alt=\"casc\" width=\"173\" height=\"224\" \/><\/a>\u00a0\u00a0<a href=\"http:\/\/www.eaingenieros.com\/web\/wp-content\/uploads\/2015\/05\/super.jpg\"><img loading=\"lazy\" class=\"alignnone  wp-image-157\" src=\"http:\/\/www.eaingenieros.com\/web\/wp-content\/uploads\/2015\/05\/super-300x183.jpg\" alt=\"super\" width=\"372\" height=\"231\" \/><\/a><\/p>\n<p><span style=\"color: #0000cc;\"><strong>\u2022<\/strong><\/span>\u00a0<strong><span style=\"color: #0000cc;\">Sistemas de Gesti\u00f3n<\/span><\/strong><\/p>\n<ul>\n<li>Consultor\u00eda en Sistemas de Gesti\u00f3n.<\/li>\n<li>Sistemas de Gesti\u00f3n de Calidad.<\/li>\n<li>Sistemas de Gesti\u00f3n Ambiental.<\/li>\n<li>Sistemas de Gesti\u00f3n en Seguridad.<\/li>\n<li>\u00a0Gesti\u00f3n Empresarial.<\/li>\n<\/ul>\n<p><span style=\"color: #0000cc;\"><strong>\u2022<\/strong><\/span>\u00a0<strong><span style=\"color: #0000cc;\">Ense\u00f1anza y Capacitaci\u00f3n<\/span><\/strong><\/p>\n<p><span style=\"color: #0000cc;\"><strong>\u2022<\/strong><\/span>\u00a0<strong><span style=\"color: #0000cc;\">Apoyo en Conflictos Jur\u00eddicos<\/span><\/strong><\/p>\n","protected":false},"excerpt":{"rendered":"<p>\u2022\u00a0Estudios Hidrolog\u00eda y Evaluaci\u00f3n de Recursos H\u00eddricos. Hidrolog\u00eda Estoc\u00e1stica y Modelaci\u00f3n Hidrol\u00f3gica. Climatolog\u00eda Hidr\u00e1ulica General. Hidr\u00e1ulica Fluvial. Geolog\u00eda y Geohidrolog\u00eda. Sedimentaci\u00f3n y Geomorfolog\u00eda. Mec\u00e1nica de Suelos y Rocas Simulaci\u00f3n y Optimizaci\u00f3n de Sistemas Evaluaci\u00f3n Social y Econ\u00f3mica de Proyectos. Riego &hellip; <a href=\"http:\/\/www.eaingenieros.com\/web\/servicios\/linea-de-servicios\/\">Sigue leyendo <span class=\"meta-nav\">&rarr;<\/span><\/a><\/p>\n","protected":false},"author":2,"featured_media":0,"parent":16,"menu_order":1,"comment_status":"closed","ping_status":"closed","template":"","meta":[],"_links":{"self":[{"href":"http:\/\/www.eaingenieros.com\/web\/wp-json\/wp\/v2\/pages\/130"}],"collection":[{"href":"http:\/\/www.eaingenieros.com\/web\/wp-json\/wp\/v2\/pages"}],"about":[{"href":"http:\/\/www.eaingenieros.com\/web\/wp-json\/wp\/v2\/types\/page"}],"author":[{"embeddable":true,"href":"http:\/\/www.eaingenieros.com\/web\/wp-json\/wp\/v2\/users\/2"}],"replies":[{"embeddable":true,"href":"http:\/\/www.eaingenieros.com\/web\/wp-json\/wp\/v2\/comments?post=130"}],"version-history":[{"count":21,"href":"http:\/\/www.eaingenieros.com\/web\/wp-json\/wp\/v2\/pages\/130\/revisions"}],"predecessor-version":[{"id":162,"href":"http:\/\/www.eaingenieros.com\/web\/wp-json\/wp\/v2\/pages\/130\/revisions\/162"}],"up":[{"embeddable":true,"href":"http:\/\/www.eaingenieros.com\/web\/wp-json\/wp\/v2\/pages\/16"}],"wp:attachment":[{"href":"http:\/\/www.eaingenieros.com\/web\/wp-json\/wp\/v2\/media?parent=130"}],"curies":[{"name":"wp","href":"https:\/\/api.w.org\/{rel}","templated":true}]}}